{"id":11,"date":"2020-10-08T10:37:44","date_gmt":"2020-10-08T10:37:44","guid":{"rendered":"https:\/\/damlatutucu.com\/?page_id=11"},"modified":"2026-01-14T15:55:20","modified_gmt":"2026-01-14T12:55:20","slug":"damla-tutucu","status":"publish","type":"page","link":"https:\/\/damlatutucu.com\/","title":{"rendered":"Damla Tutucu"},"content":{"rendered":"<p>[et_pb_section fb_built=&#8221;1&#8243; _builder_version=&#8221;4.16&#8243; _module_preset=&#8221;default&#8221; global_colors_info=&#8221;{}&#8221;][et_pb_row column_structure=&#8221;2_5,3_5&#8243; _builder_version=&#8221;4.16&#8243; _module_preset=&#8221;default&#8221; global_colors_info=&#8221;{}&#8221;][et_pb_column type=&#8221;2_5&#8243; _builder_version=&#8221;4.16&#8243; _module_preset=&#8221;default&#8221; global_colors_info=&#8221;{}&#8221;][et_pb_text _builder_version=&#8221;4.16&#8243; _module_preset=&#8221;default&#8221; header_text_color=&#8221;#000000&#8243; header_font_size=&#8221;36px&#8221; custom_margin=&#8221;150px||||false|false&#8221; custom_margin_tablet=&#8221;&#8221; custom_margin_phone=&#8221;-12px||||false|false&#8221; custom_margin_last_edited=&#8221;on|desktop&#8221; global_colors_info=&#8221;{}&#8221;]<\/p>\n<h1 style=\"text-align: center;\"><strong>Damla Tutucu &#8211;<\/strong><\/h1>\n<h1 style=\"text-align: center;\"><strong>Plastik<\/strong><\/h1>\n<h1 style=\"text-align: center;\"><strong>(Mist Eliminator)<\/strong><\/h1>\n<p>[\/et_pb_text][\/et_pb_column][et_pb_column type=&#8221;3_5&#8243; _builder_version=&#8221;4.16&#8243; _module_preset=&#8221;default&#8221; global_colors_info=&#8221;{}&#8221;][et_pb_image src=&#8221;https:\/\/damlatutucu.com\/wp-content\/uploads\/2020\/12\/31102017122324.jpg&#8221; title_text=&#8221;31102017122324&#8243; _builder_version=&#8221;4.16&#8243; _module_preset=&#8221;default&#8221; width=&#8221;100%&#8221; global_colors_info=&#8221;{}&#8221;][\/et_pb_image][\/et_pb_column][\/et_pb_row][\/et_pb_section][et_pb_section fb_built=&#8221;1&#8243; _builder_version=&#8221;4.16&#8243; _module_preset=&#8221;default&#8221; custom_padding=&#8221;||5px|||&#8221; global_colors_info=&#8221;{}&#8221;][et_pb_row _builder_version=&#8221;4.16&#8243; _module_preset=&#8221;default&#8221; global_colors_info=&#8221;{}&#8221;][et_pb_column type=&#8221;4_4&#8243; _builder_version=&#8221;4.16&#8243; _module_preset=&#8221;default&#8221; global_colors_info=&#8221;{}&#8221;][et_pb_text _builder_version=&#8221;4.16&#8243; _module_preset=&#8221;default&#8221; text_font_size=&#8221;16px&#8221; global_colors_info=&#8221;{}&#8221;]<\/p>\n<h2><strong>DTP.01.001 Damla Tutucu Seperat\u00f6r;<\/strong><\/h2>\n<p><strong>Gerek klima sekt\u00f6r\u00fcnde klima santrallerinde gerekse deniz sekt\u00f6r\u00fcnde kullan\u0131lan Plastik Damla Tutucular ( Mist Eliminator) taze hava giri\u015flerinde kullan\u0131l\u0131r. <\/strong><\/p>\n<p><strong>Yo\u011fu\u015fma halindeki suyun i\u00e7 mekanlara ta\u015f\u0131nmas\u0131n\u0131 engelleyip su taneciklerini hava kanal\u0131 yada cihaz i\u00e7erisine ta\u015f\u0131nmadan serbest ak\u0131\u015fla drenaj tavas\u0131na ya da \u00f6n g\u00f6r\u00fclen ortama d\u00f6ker. <\/strong><\/p>\n<p><strong>Plastik PP hammadde ve %20 talk kar\u0131\u015f\u0131ml\u0131 haz\u0131rlanan hammaddeden \u00fcretildi\u011finden kar\u015f\u0131la\u015ft\u0131\u011f\u0131 \u0131s\u0131 kar\u015f\u0131s\u0131nda b\u00fck\u00fclme ve e\u011filme yapmaz. <\/strong><\/p>\n<p><strong>Kanat aralar\u0131 hava h\u0131z\u0131na ve hava debisine ba\u011fl\u0131 olarak 25mm ya da 33mm aral\u0131\u011f\u0131nda monte edilir. \u00d6zel ba\u011flant\u0131 t\u0131rnaklar\u0131 sayesinde istenilen her \u00f6l\u00e7\u00fcde kolayca montaj\u0131 yap\u0131l\u0131r.<\/strong><\/p>\n<p><strong>Kasal\u0131 olarak her \u00f6l\u00e7\u00fcde \u00f6zel \u00fcretim yapmaktay\u0131z. T\u00fcm modellerimize a\u015fa\u011f\u0131daki linkten ula\u015fabilirsiniz.<\/strong><\/p>\n<p>[\/et_pb_text][\/et_pb_column][\/et_pb_row][et_pb_row _builder_version=&#8221;4.27.5&#8243; _module_preset=&#8221;default&#8221; global_colors_info=&#8221;{}&#8221;][et_pb_column type=&#8221;4_4&#8243; _builder_version=&#8221;4.27.5&#8243; _module_preset=&#8221;default&#8221; global_colors_info=&#8221;{}&#8221;][et_pb_text _builder_version=&#8221;4.27.5&#8243; _module_preset=&#8221;default&#8221; text_text_color=&#8221;#0DA0C5&#8243; text_font_size=&#8221;31px&#8221; link_option_url=&#8221;https:\/\/damlatutucu.net\/&#8221; link_option_url_new_window=&#8221;on&#8221; global_colors_info=&#8221;{}&#8221;]<\/p>\n<p style=\"text-align: center;\"><strong>www.damlatutucu.net<\/strong><\/p>\n<p>[\/et_pb_text][\/et_pb_column][\/et_pb_row][\/et_pb_section][et_pb_section fb_built=&#8221;1&#8243; _builder_version=&#8221;4.16&#8243; _module_preset=&#8221;default&#8221; global_colors_info=&#8221;{}&#8221;][et_pb_row _builder_version=&#8221;4.16&#8243; _module_preset=&#8221;default&#8221; custom_padding=&#8221;||85px|||&#8221; global_colors_info=&#8221;{}&#8221;][et_pb_column type=&#8221;4_4&#8243; _builder_version=&#8221;4.16&#8243; _module_preset=&#8221;default&#8221; global_colors_info=&#8221;{}&#8221;][et_pb_text _builder_version=&#8221;4.16&#8243; _module_preset=&#8221;default&#8221; text_font_size=&#8221;17px&#8221; global_colors_info=&#8221;{}&#8221;]<\/p>\n<p style=\"text-align: center;\"><strong>DAMLA TUTUCU &#8211; DTP.01.001 Teknik Resim<\/strong><\/p>\n<p>[\/et_pb_text][et_pb_image src=&#8221;https:\/\/damlatutucu.com\/wp-content\/uploads\/2020\/12\/seperator-cizim.jpg&#8221; title_text=&#8221;seperat\u00f6r \u00e7izim&#8221; show_in_lightbox=&#8221;on&#8221; align=&#8221;center&#8221; _builder_version=&#8221;4.27.5&#8243; _module_preset=&#8221;default&#8221; global_colors_info=&#8221;{}&#8221;][\/et_pb_image][\/et_pb_column][\/et_pb_row][et_pb_row column_structure=&#8221;1_2,1_2&#8243; _builder_version=&#8221;4.16&#8243; _module_preset=&#8221;default&#8221; global_colors_info=&#8221;{}&#8221;][et_pb_column type=&#8221;1_2&#8243; _builder_version=&#8221;4.16&#8243; _module_preset=&#8221;default&#8221; global_colors_info=&#8221;{}&#8221;][et_pb_image src=&#8221;https:\/\/damlatutucu.com\/wp-content\/uploads\/2020\/10\/3e4e37c9-f6d8-4639-8489-83238a2c2fa2.jpg&#8221; title_text=&#8221;3e4e37c9-f6d8-4639-8489-83238a2c2fa2&#8243; align_tablet=&#8221;center&#8221; align_phone=&#8221;&#8221; align_last_edited=&#8221;on|tablet&#8221; _builder_version=&#8221;4.16&#8243; _module_preset=&#8221;default&#8221; width=&#8221;98%&#8221; border_radii=&#8221;on|10px|10px|10px|10px&#8221; box_shadow_style=&#8221;preset1&#8243; global_colors_info=&#8221;{}&#8221;][\/et_pb_image][\/et_pb_column][et_pb_column type=&#8221;1_2&#8243; _builder_version=&#8221;4.16&#8243; _module_preset=&#8221;default&#8221; global_colors_info=&#8221;{}&#8221;][et_pb_image src=&#8221;https:\/\/damlatutucu.com\/wp-content\/uploads\/2020\/10\/4d4a5e0e-181d-4ee3-84c0-1d6c6be96427-removebg-preview.png&#8221; title_text=&#8221;4d4a5e0e-181d-4ee3-84c0-1d6c6be96427-removebg-preview&#8221; align_tablet=&#8221;center&#8221; align_phone=&#8221;&#8221; align_last_edited=&#8221;on|tablet&#8221; _builder_version=&#8221;4.16&#8243; _module_preset=&#8221;default&#8221; border_radii=&#8221;on|10px|10px|10px|10px&#8221; box_shadow_style=&#8221;preset1&#8243; global_colors_info=&#8221;{}&#8221;][\/et_pb_image][\/et_pb_column][\/et_pb_row][\/et_pb_section][et_pb_section fb_built=&#8221;1&#8243; _builder_version=&#8221;4.16&#8243; _module_preset=&#8221;default&#8221; global_colors_info=&#8221;{}&#8221;][et_pb_row column_structure=&#8221;2_5,3_5&#8243; _builder_version=&#8221;4.16&#8243; _module_preset=&#8221;default&#8221; global_colors_info=&#8221;{}&#8221;][et_pb_column type=&#8221;2_5&#8243; _builder_version=&#8221;4.16&#8243; _module_preset=&#8221;default&#8221; global_colors_info=&#8221;{}&#8221;][et_pb_text _builder_version=&#8221;4.16&#8243; _module_preset=&#8221;default&#8221; header_text_color=&#8221;#000000&#8243; header_font_size=&#8221;36px&#8221; custom_margin=&#8221;150px||||false|false&#8221; custom_margin_tablet=&#8221;&#8221; custom_margin_phone=&#8221;&#8221; custom_margin_last_edited=&#8221;on|desktop&#8221; global_colors_info=&#8221;{}&#8221;]<\/p>\n<h1 style=\"text-align: center;\"><strong>Al\u00fcminyum Damla Tutucu<\/strong><\/h1>\n<h1 style=\"text-align: center;\"><strong>(Mist Eliminator)<\/strong><\/h1>\n<p>[\/et_pb_text][\/et_pb_column][et_pb_column type=&#8221;3_5&#8243; _builder_version=&#8221;4.16&#8243; _module_preset=&#8221;default&#8221; global_colors_info=&#8221;{}&#8221;][et_pb_image src=&#8221;https:\/\/damlatutucu.com\/wp-content\/uploads\/2020\/12\/10032017105213.jpg&#8221; title_text=&#8221;10032017105213&#8243; _builder_version=&#8221;4.16&#8243; _module_preset=&#8221;default&#8221; width=&#8221;100%&#8221; global_colors_info=&#8221;{}&#8221;][\/et_pb_image][\/et_pb_column][\/et_pb_row][\/et_pb_section][et_pb_section fb_built=&#8221;1&#8243; _builder_version=&#8221;4.16&#8243; _module_preset=&#8221;default&#8221; custom_padding=&#8221;||5px|||&#8221; global_colors_info=&#8221;{}&#8221;][et_pb_row _builder_version=&#8221;4.16&#8243; _module_preset=&#8221;default&#8221; global_colors_info=&#8221;{}&#8221;][et_pb_column type=&#8221;4_4&#8243; _builder_version=&#8221;4.16&#8243; _module_preset=&#8221;default&#8221; global_colors_info=&#8221;{}&#8221;][et_pb_text _builder_version=&#8221;4.16&#8243; _module_preset=&#8221;default&#8221; text_font_size=&#8221;16px&#8221; global_colors_info=&#8221;{}&#8221;]<\/p>\n<h2><strong>DTA.01.001 Damla Tutucu Seperat\u00f6r;<\/strong><\/h2>\n<p><strong>HVAC sekt\u00f6r\u00fcnde genellikle hijyenik klima santrallerinde so\u011futma e\u015fanj\u00f6r\u00fc arkas\u0131nda kullan\u0131l\u0131r.<\/strong><\/p>\n<p><strong>Marine sekt\u00f6r\u00fcnde taze hava giri\u015flerinde kullan\u0131lan Al\u00fcminyum Damla Tutucular (Mist Eliminator) yo\u011fu\u015fma halindeki ya da ya\u011fmur ve deniz suyunun i\u00e7 mekanlara ta\u015f\u0131nmas\u0131n\u0131 engeller. Su taneciklerini hava kanal\u0131 yada cihaz i\u00e7erisine ta\u015f\u0131nmadan serbest ak\u0131\u015fla drenaj tavas\u0131na ya da \u00f6n g\u00f6r\u00fclen ortama d\u00f6ker. <\/strong><\/p>\n<p><strong>Al\u00fcminyum damla tutucular plastiklere nazaran daha mukavim yap\u0131dad\u0131rlar. Al\u00fcminyum 6082 ala\u015f\u0131m ve sertlikte mat eloksall\u0131 olarak \u00fcretilmektedir.<\/strong><\/p>\n<p><strong>K<\/strong><strong>anat aralar\u0131 plastikte oldu\u011fu gibi hava h\u0131z\u0131na ve hava debisine ba\u011fl\u0131 olarak 25mm ya da 33mm aral\u0131\u011f\u0131nda monte edilir. \u00d6zel ba\u011flant\u0131 t\u0131rnaklar\u0131 sayesinde istenilen her \u00f6l\u00e7\u00fcde kolayca montaj\u0131 yap\u0131l\u0131r.<\/strong><\/p>\n<p><strong>Kasal\u0131 olarak her \u00f6l\u00e7\u00fcde \u00f6zel \u00fcretim yapmaktay\u0131z. T\u00fcm mod\u00fcllerimize a\u015fa\u011f\u0131daki linkten ula\u015fabilirsiniz.<\/strong><\/p>\n<p>[\/et_pb_text][\/et_pb_column][\/et_pb_row][et_pb_row _builder_version=&#8221;4.27.5&#8243; _module_preset=&#8221;default&#8221; global_colors_info=&#8221;{}&#8221;][et_pb_column type=&#8221;4_4&#8243; _builder_version=&#8221;4.27.5&#8243; _module_preset=&#8221;default&#8221; global_colors_info=&#8221;{}&#8221;][et_pb_text _builder_version=&#8221;4.27.5&#8243; _module_preset=&#8221;default&#8221; text_text_color=&#8221;#0DA0C5&#8243; text_font_size=&#8221;31px&#8221; link_option_url=&#8221;https:\/\/damlatutucu.net\/&#8221; link_option_url_new_window=&#8221;on&#8221; global_colors_info=&#8221;{}&#8221;]<\/p>\n<p style=\"text-align: center;\"><strong>www.damlatutucu.net<\/strong><\/p>\n<p>[\/et_pb_text][\/et_pb_column][\/et_pb_row][\/et_pb_section][et_pb_section fb_built=&#8221;1&#8243; _builder_version=&#8221;4.16&#8243; _module_preset=&#8221;default&#8221; custom_padding=&#8221;||1px|||&#8221; global_colors_info=&#8221;{}&#8221;][et_pb_row _builder_version=&#8221;4.16&#8243; _module_preset=&#8221;default&#8221; custom_padding=&#8221;||85px|||&#8221; global_colors_info=&#8221;{}&#8221;][et_pb_column type=&#8221;4_4&#8243; _builder_version=&#8221;4.16&#8243; _module_preset=&#8221;default&#8221; global_colors_info=&#8221;{}&#8221;][et_pb_text _builder_version=&#8221;4.16&#8243; _module_preset=&#8221;default&#8221; text_font_size=&#8221;17px&#8221; global_colors_info=&#8221;{}&#8221;]<\/p>\n<p style=\"text-align: center;\"><strong>DTA.01.001 Teknik Resim<\/strong><\/p>\n<p>[\/et_pb_text][et_pb_image src=&#8221;https:\/\/damlatutucu.com\/wp-content\/uploads\/2026\/01\/DTA.01.001-Purvista.jpg&#8221; title_text=&#8221;DTA.01.001 Purvista&#8221; show_in_lightbox=&#8221;on&#8221; align=&#8221;center&#8221; _builder_version=&#8221;4.27.5&#8243; _module_preset=&#8221;default&#8221; global_colors_info=&#8221;{}&#8221;][\/et_pb_image][\/et_pb_column][\/et_pb_row][et_pb_row _builder_version=&#8221;4.16&#8243; _module_preset=&#8221;default&#8221; custom_padding=&#8221;||85px|||&#8221; global_colors_info=&#8221;{}&#8221;][et_pb_column type=&#8221;4_4&#8243; _builder_version=&#8221;4.16&#8243; _module_preset=&#8221;default&#8221; global_colors_info=&#8221;{}&#8221;][et_pb_text _builder_version=&#8221;4.27.5&#8243; _module_preset=&#8221;default&#8221; text_font_size=&#8221;17px&#8221; hover_enabled=&#8221;0&#8243; global_colors_info=&#8221;{}&#8221; sticky_enabled=&#8221;0&#8243;]<\/p>\n<p style=\"text-align: center;\"><strong>DTA.02.001 Teknik Resim<\/strong><\/p>\n<p>[\/et_pb_text][et_pb_image src=&#8221;https:\/\/damlatutucu.com\/wp-content\/uploads\/2026\/01\/DTA.02.001-Purvista.jpg&#8221; title_text=&#8221;DTA.02.001 Purvista&#8221; show_in_lightbox=&#8221;on&#8221; align=&#8221;center&#8221; _builder_version=&#8221;4.27.5&#8243; _module_preset=&#8221;default&#8221; hover_enabled=&#8221;0&#8243; global_colors_info=&#8221;{}&#8221; sticky_enabled=&#8221;0&#8243;][\/et_pb_image][\/et_pb_column][\/et_pb_row][et_pb_row _builder_version=&#8221;4.16&#8243; _module_preset=&#8221;default&#8221; global_colors_info=&#8221;{}&#8221;][et_pb_column type=&#8221;4_4&#8243; _builder_version=&#8221;4.16&#8243; _module_preset=&#8221;default&#8221; global_colors_info=&#8221;{}&#8221;][et_pb_image src=&#8221;https:\/\/damlatutucu.com\/wp-content\/uploads\/2020\/12\/Damlatutucu.jpg&#8221; title_text=&#8221;Damlatutucu&#8221; align=&#8221;center&#8221; align_tablet=&#8221;&#8221; align_phone=&#8221;&#8221; align_last_edited=&#8221;on|tablet&#8221; _builder_version=&#8221;4.16&#8243; _module_preset=&#8221;default&#8221; width=&#8221;60%&#8221; width_tablet=&#8221;82%&#8221; width_phone=&#8221;100%&#8221; width_last_edited=&#8221;on|phone&#8221; border_radii=&#8221;on|10px|10px|10px|10px&#8221; box_shadow_style=&#8221;preset1&#8243; global_colors_info=&#8221;{}&#8221;][\/et_pb_image][\/et_pb_column][\/et_pb_row][et_pb_row column_structure=&#8221;1_2,1_2&#8243; _builder_version=&#8221;4.16&#8243; _module_preset=&#8221;default&#8221; global_colors_info=&#8221;{}&#8221;][et_pb_column type=&#8221;1_2&#8243; _builder_version=&#8221;4.16&#8243; _module_preset=&#8221;default&#8221; global_colors_info=&#8221;{}&#8221;][et_pb_image src=&#8221;https:\/\/damlatutucu.com\/wp-content\/uploads\/2020\/12\/alimunyum.jpg&#8221; title_text=&#8221;alim\u00fcnyum&#8221; align_tablet=&#8221;center&#8221; align_phone=&#8221;&#8221; align_last_edited=&#8221;on|tablet&#8221; _builder_version=&#8221;4.16&#8243; _module_preset=&#8221;default&#8221; width=&#8221;98%&#8221; border_radii=&#8221;on|10px|10px|10px|10px&#8221; box_shadow_style=&#8221;preset1&#8243; global_colors_info=&#8221;{}&#8221;][\/et_pb_image][et_pb_image src=&#8221;https:\/\/damlatutucu.com\/wp-content\/uploads\/2021\/02\/damla-tutucu-1.png&#8221; title_text=&#8221;damla-tutucu-1&#8243; align_tablet=&#8221;center&#8221; align_phone=&#8221;&#8221; align_last_edited=&#8221;on|tablet&#8221; _builder_version=&#8221;4.16&#8243; _module_preset=&#8221;default&#8221; width=&#8221;98%&#8221; border_radii=&#8221;on|10px|10px|10px|10px&#8221; box_shadow_style=&#8221;preset1&#8243; global_colors_info=&#8221;{}&#8221;][\/et_pb_image][\/et_pb_column][et_pb_column type=&#8221;1_2&#8243; _builder_version=&#8221;4.16&#8243; _module_preset=&#8221;default&#8221; global_colors_info=&#8221;{}&#8221;][et_pb_image src=&#8221;https:\/\/damlatutucu.com\/wp-content\/uploads\/2020\/12\/Aluminyum-Kasali-Tip-Damla-Tutucu.png&#8221; title_text=&#8221;Al\u00fcminyum Kasali Tip Damla Tutucu&#8221; align_tablet=&#8221;center&#8221; align_phone=&#8221;&#8221; align_last_edited=&#8221;on|tablet&#8221; _builder_version=&#8221;4.16&#8243; _module_preset=&#8221;default&#8221; border_radii=&#8221;on|10px|10px|10px|10px&#8221; box_shadow_style=&#8221;preset1&#8243; global_colors_info=&#8221;{}&#8221;][\/et_pb_image][et_pb_image src=&#8221;https:\/\/damlatutucu.com\/wp-content\/uploads\/2021\/02\/damla-tutucu.png&#8221; title_text=&#8221;damla-tutucu&#8221; align_tablet=&#8221;center&#8221; align_phone=&#8221;&#8221; align_last_edited=&#8221;on|tablet&#8221; _builder_version=&#8221;4.16&#8243; _module_preset=&#8221;default&#8221; border_radii=&#8221;on|10px|10px|10px|10px&#8221; box_shadow_style=&#8221;preset1&#8243; global_colors_info=&#8221;{}&#8221;][\/et_pb_image][\/et_pb_column][\/et_pb_row][\/et_pb_section][et_pb_section fb_built=&#8221;1&#8243; _builder_version=&#8221;4.16&#8243; _module_preset=&#8221;default&#8221; global_colors_info=&#8221;{}&#8221;][et_pb_row column_structure=&#8221;1_2,1_2&#8243; _builder_version=&#8221;4.16&#8243; _module_preset=&#8221;default&#8221; global_colors_info=&#8221;{}&#8221;][et_pb_column type=&#8221;1_2&#8243; _builder_version=&#8221;4.16&#8243; _module_preset=&#8221;default&#8221; global_colors_info=&#8221;{}&#8221;][et_pb_image src=&#8221;https:\/\/damlatutucu.com\/wp-content\/uploads\/2021\/09\/11042017141142.jpg&#8221; title_text=&#8221;11042017141142&#8243; show_in_lightbox=&#8221;on&#8221; _builder_version=&#8221;4.16&#8243; _module_preset=&#8221;default&#8221; global_colors_info=&#8221;{}&#8221;][\/et_pb_image][et_pb_image src=&#8221;https:\/\/damlatutucu.com\/wp-content\/uploads\/2021\/09\/28022019144333.jpg&#8221; title_text=&#8221;28022019144333&#8243; show_in_lightbox=&#8221;on&#8221; _builder_version=&#8221;4.16&#8243; _module_preset=&#8221;default&#8221; global_colors_info=&#8221;{}&#8221;][\/et_pb_image][\/et_pb_column][et_pb_column type=&#8221;1_2&#8243; _builder_version=&#8221;4.16&#8243; _module_preset=&#8221;default&#8221; global_colors_info=&#8221;{}&#8221;][et_pb_image src=&#8221;https:\/\/damlatutucu.com\/wp-content\/uploads\/2021\/09\/11042017140940.jpg&#8221; title_text=&#8221;11042017140940&#8243; show_in_lightbox=&#8221;on&#8221; _builder_version=&#8221;4.16&#8243; _module_preset=&#8221;default&#8221; global_colors_info=&#8221;{}&#8221;][\/et_pb_image][et_pb_image src=&#8221;https:\/\/damlatutucu.com\/wp-content\/uploads\/2021\/09\/28022019144031.jpg&#8221; title_text=&#8221;28022019144031&#8243; show_in_lightbox=&#8221;on&#8221; _builder_version=&#8221;4.16&#8243; _module_preset=&#8221;default&#8221; global_colors_info=&#8221;{}&#8221;][\/et_pb_image][\/et_pb_column][\/et_pb_row][\/et_pb_section]<\/p>\n","protected":false},"excerpt":{"rendered":"<p>Damla Tutucu &#8211; Plastik (Mist Eliminator)DTP.01.001 Damla Tutucu Seperat\u00f6r; Gerek klima sekt\u00f6r\u00fcnde klima santrallerinde gerekse deniz sekt\u00f6r\u00fcnde kullan\u0131lan Plastik Damla Tutucular ( Mist Eliminator) taze hava giri\u015flerinde kullan\u0131l\u0131r. Yo\u011fu\u015fma halindeki suyun i\u00e7 mekanlara ta\u015f\u0131nmas\u0131n\u0131 engelleyip su taneciklerini hava kanal\u0131 yada cihaz i\u00e7erisine ta\u015f\u0131nmadan serbest ak\u0131\u015fla drenaj tavas\u0131na ya da \u00f6n g\u00f6r\u00fclen ortama d\u00f6ker. Plastik PP [&hellip;]<\/p>\n","protected":false},"author":1,"featured_media":0,"parent":0,"menu_order":0,"comment_status":"closed","ping_status":"closed","template":"","meta":{"_et_pb_use_builder":"on","_et_pb_old_content":"","_et_gb_content_width":"","footnotes":""},"class_list":["post-11","page","type-page","status-publish","hentry"],"yoast_head":"<!-- This site is optimized with the Yoast SEO plugin v26.9 - https:\/\/yoast.com\/product\/yoast-seo-wordpress\/ -->\n<title>Damla Tutucu | Seperat\u00f6r damlatutucu.com<\/title>\n<meta name=\"description\" content=\"DAMLA TUTUCULAR Gerek klima sekt\u00f6r\u00fcnde klima santrallerinde gerekse marine sekt\u00f6r\u00fcnde kullan\u0131lan Damla Tutucular su damlac\u0131klar\u0131n\u0131 tutarlar..\" \/>\n<meta name=\"robots\" content=\"index, follow, max-snippet:-1, max-image-preview:large, max-video-preview:-1\" \/>\n<link rel=\"canonical\" href=\"https:\/\/damlatutucu.com\/\" \/>\n<meta property=\"og:locale\" content=\"tr_TR\" \/>\n<meta property=\"og:type\" content=\"article\" \/>\n<meta property=\"og:title\" content=\"Damla Tutucu | Seperat\u00f6r damlatutucu.com\" \/>\n<meta property=\"og:description\" content=\"DAMLA TUTUCULAR Gerek klima sekt\u00f6r\u00fcnde klima santrallerinde gerekse marine sekt\u00f6r\u00fcnde kullan\u0131lan Damla Tutucular su damlac\u0131klar\u0131n\u0131 tutarlar..\" \/>\n<meta property=\"og:url\" content=\"https:\/\/damlatutucu.com\/\" \/>\n<meta property=\"og:site_name\" content=\"Damla Tutucu\" \/>\n<meta property=\"article:modified_time\" content=\"2026-01-14T12:55:20+00:00\" \/>\n<meta name=\"twitter:card\" content=\"summary_large_image\" \/>\n<meta name=\"twitter:label1\" content=\"Tahmini okuma s\u00fcresi\" \/>\n\t<meta name=\"twitter:data1\" content=\"5 dakika\" \/>\n<script type=\"application\/ld+json\" class=\"yoast-schema-graph\">{\"@context\":\"https:\/\/schema.org\",\"@graph\":[{\"@type\":\"WebPage\",\"@id\":\"https:\/\/damlatutucu.com\/\",\"url\":\"https:\/\/damlatutucu.com\/\",\"name\":\"Damla Tutucu | Seperat\u00f6r damlatutucu.com\",\"isPartOf\":{\"@id\":\"https:\/\/damlatutucu.com\/#website\"},\"datePublished\":\"2020-10-08T10:37:44+00:00\",\"dateModified\":\"2026-01-14T12:55:20+00:00\",\"description\":\"DAMLA TUTUCULAR Gerek klima sekt\u00f6r\u00fcnde klima santrallerinde gerekse marine sekt\u00f6r\u00fcnde kullan\u0131lan Damla Tutucular su damlac\u0131klar\u0131n\u0131 tutarlar..\",\"breadcrumb\":{\"@id\":\"https:\/\/damlatutucu.com\/#breadcrumb\"},\"inLanguage\":\"tr\",\"potentialAction\":[{\"@type\":\"ReadAction\",\"target\":[\"https:\/\/damlatutucu.com\/\"]}]},{\"@type\":\"BreadcrumbList\",\"@id\":\"https:\/\/damlatutucu.com\/#breadcrumb\",\"itemListElement\":[{\"@type\":\"ListItem\",\"position\":1,\"name\":\"Home\",\"item\":\"https:\/\/damlatutucu.com\/\"},{\"@type\":\"ListItem\",\"position\":2,\"name\":\"Damla Tutucu\"}]},{\"@type\":\"WebSite\",\"@id\":\"https:\/\/damlatutucu.com\/#website\",\"url\":\"https:\/\/damlatutucu.com\/\",\"name\":\"Damla Tutucu\",\"description\":\"Seperat\u00f6r\",\"potentialAction\":[{\"@type\":\"SearchAction\",\"target\":{\"@type\":\"EntryPoint\",\"urlTemplate\":\"https:\/\/damlatutucu.com\/?s={search_term_string}\"},\"query-input\":{\"@type\":\"PropertyValueSpecification\",\"valueRequired\":true,\"valueName\":\"search_term_string\"}}],\"inLanguage\":\"tr\"}]}<\/script>\n<!-- \/ Yoast SEO plugin. -->","yoast_head_json":{"title":"Damla Tutucu | Seperat\u00f6r damlatutucu.com","description":"DAMLA TUTUCULAR Gerek klima sekt\u00f6r\u00fcnde klima santrallerinde gerekse marine sekt\u00f6r\u00fcnde kullan\u0131lan Damla Tutucular su damlac\u0131klar\u0131n\u0131 tutarlar..","robots":{"index":"index","follow":"follow","max-snippet":"max-snippet:-1","max-image-preview":"max-image-preview:large","max-video-preview":"max-video-preview:-1"},"canonical":"https:\/\/damlatutucu.com\/","og_locale":"tr_TR","og_type":"article","og_title":"Damla Tutucu | Seperat\u00f6r damlatutucu.com","og_description":"DAMLA TUTUCULAR Gerek klima sekt\u00f6r\u00fcnde klima santrallerinde gerekse marine sekt\u00f6r\u00fcnde kullan\u0131lan Damla Tutucular su damlac\u0131klar\u0131n\u0131 tutarlar..","og_url":"https:\/\/damlatutucu.com\/","og_site_name":"Damla Tutucu","article_modified_time":"2026-01-14T12:55:20+00:00","twitter_card":"summary_large_image","twitter_misc":{"Tahmini okuma s\u00fcresi":"5 dakika"},"schema":{"@context":"https:\/\/schema.org","@graph":[{"@type":"WebPage","@id":"https:\/\/damlatutucu.com\/","url":"https:\/\/damlatutucu.com\/","name":"Damla Tutucu | Seperat\u00f6r damlatutucu.com","isPartOf":{"@id":"https:\/\/damlatutucu.com\/#website"},"datePublished":"2020-10-08T10:37:44+00:00","dateModified":"2026-01-14T12:55:20+00:00","description":"DAMLA TUTUCULAR Gerek klima sekt\u00f6r\u00fcnde klima santrallerinde gerekse marine sekt\u00f6r\u00fcnde kullan\u0131lan Damla Tutucular su damlac\u0131klar\u0131n\u0131 tutarlar..","breadcrumb":{"@id":"https:\/\/damlatutucu.com\/#breadcrumb"},"inLanguage":"tr","potentialAction":[{"@type":"ReadAction","target":["https:\/\/damlatutucu.com\/"]}]},{"@type":"BreadcrumbList","@id":"https:\/\/damlatutucu.com\/#breadcrumb","itemListElement":[{"@type":"ListItem","position":1,"name":"Home","item":"https:\/\/damlatutucu.com\/"},{"@type":"ListItem","position":2,"name":"Damla Tutucu"}]},{"@type":"WebSite","@id":"https:\/\/damlatutucu.com\/#website","url":"https:\/\/damlatutucu.com\/","name":"Damla Tutucu","description":"Seperat\u00f6r","potentialAction":[{"@type":"SearchAction","target":{"@type":"EntryPoint","urlTemplate":"https:\/\/damlatutucu.com\/?s={search_term_string}"},"query-input":{"@type":"PropertyValueSpecification","valueRequired":true,"valueName":"search_term_string"}}],"inLanguage":"tr"}]}},"_links":{"self":[{"href":"https:\/\/damlatutucu.com\/index.php?rest_route=\/wp\/v2\/pages\/11","targetHints":{"allow":["GET"]}}],"collection":[{"href":"https:\/\/damlatutucu.com\/index.php?rest_route=\/wp\/v2\/pages"}],"about":[{"href":"https:\/\/damlatutucu.com\/index.php?rest_route=\/wp\/v2\/types\/page"}],"author":[{"embeddable":true,"href":"https:\/\/damlatutucu.com\/index.php?rest_route=\/wp\/v2\/users\/1"}],"replies":[{"embeddable":true,"href":"https:\/\/damlatutucu.com\/index.php?rest_route=%2Fwp%2Fv2%2Fcomments&post=11"}],"version-history":[{"count":96,"href":"https:\/\/damlatutucu.com\/index.php?rest_route=\/wp\/v2\/pages\/11\/revisions"}],"predecessor-version":[{"id":375,"href":"https:\/\/damlatutucu.com\/index.php?rest_route=\/wp\/v2\/pages\/11\/revisions\/375"}],"wp:attachment":[{"href":"https:\/\/damlatutucu.com\/index.php?rest_route=%2Fwp%2Fv2%2Fmedia&parent=11"}],"curies":[{"name":"wp","href":"https:\/\/api.w.org\/{rel}","templated":true}]}}